{"id":39,"date":"2015-02-13T17:26:23","date_gmt":"2015-02-13T17:26:23","guid":{"rendered":"http:\/\/www.editions-monelle-hayot.com\/?page_id=39"},"modified":"2020-02-04T16:41:53","modified_gmt":"2020-02-04T15:41:53","slug":"contact","status":"publish","type":"page","link":"https:\/\/www.editions-monelle-hayot.com\/en\/contact\/","title":{"rendered":"Contact us"},"content":{"rendered":"<p>\n<div class=\"wpcf7 no-js\" id=\"wpcf7-f1668-o2\" lang=\"fr-FR\" dir=\"ltr\" data-wpcf7-id=\"1668\">\n<div class=\"screen-reader-response\"><p role=\"status\" aria-live=\"polite\" aria-atomic=\"true\"><\/p> <ul><\/ul><\/div>\n<form action=\"\/en\/wp-json\/wp\/v2\/pages\/39#wpcf7-f1668-o2\" method=\"post\" class=\"wpcf7-form init\" aria-label=\"Formulaire de contact\" novalidate=\"novalidate\" data-status=\"init\">\n<fieldset class=\"hidden-fields-container\"><input type=\"hidden\" name=\"_wpcf7\" value=\"1668\" \/><input type=\"hidden\" name=\"_wpcf7_version\" value=\"6.1.5\" \/><input type=\"hidden\" name=\"_wpcf7_locale\" value=\"fr_FR\" \/><input type=\"hidden\" name=\"_wpcf7_unit_tag\" value=\"wpcf7-f1668-o2\" \/><input type=\"hidden\" name=\"_wpcf7_container_post\" value=\"0\" \/><input type=\"hidden\" name=\"_wpcf7_posted_data_hash\" value=\"\" \/>\n<\/fieldset>\n<p><label>Your name (required)<br \/>\n<span class=\"wpcf7-form-control-wrap\" data-name=\"your-name\"><input size=\"40\" maxlength=\"400\" class=\"wpcf7-form-control wpcf7-text wpcf7-validates-as-required\" aria-required=\"true\" aria-invalid=\"false\" value=\"\" type=\"text\" name=\"your-name\" \/><\/span> <\/label>\n<\/p>\n<p><label>Your email (required)<br \/>\n<span class=\"wpcf7-form-control-wrap\" data-name=\"your-email\"><input size=\"40\" maxlength=\"400\" class=\"wpcf7-form-control wpcf7-email wpcf7-validates-as-required wpcf7-text wpcf7-validates-as-email\" aria-required=\"true\" aria-invalid=\"false\" value=\"\" type=\"email\" name=\"your-email\" \/><\/span> <\/label>\n<\/p>\n<p><label>Subject<br \/>\n<span class=\"wpcf7-form-control-wrap\" data-name=\"your-subject\"><input size=\"40\" maxlength=\"400\" class=\"wpcf7-form-control wpcf7-text\" aria-invalid=\"false\" value=\"\" type=\"text\" name=\"your-subject\" \/><\/span> <\/label>\n<\/p>\n<p><label>Your message<br \/>\n<span class=\"wpcf7-form-control-wrap\" data-name=\"your-message\"><textarea cols=\"40\" rows=\"10\" maxlength=\"2000\" class=\"wpcf7-form-control wpcf7-textarea\" aria-invalid=\"false\" name=\"your-message\"><\/textarea><\/span> <\/label>\n<\/p>\n<p><label>Anti-spam question<br \/>\n<span class=\"wpcf7-form-control-wrap\" data-name=\"quiz-918\"><label><span class=\"wpcf7-quiz-label\">6 + 3 =<\/span> <input size=\"40\" class=\"wpcf7-form-control wpcf7-quiz\" autocomplete=\"off\" aria-required=\"true\" aria-invalid=\"false\" type=\"text\" name=\"quiz-918\" \/><\/label><input type=\"hidden\" name=\"_wpcf7_quiz_answer_quiz-918\" value=\"52581afbd2088a44291ab4f6879d6e09\" \/><\/span> <\/label>\n<\/p>\n<p><input class=\"wpcf7-form-control wpcf7-submit has-spinner\" type=\"submit\" value=\"Send\" \/>\n<\/p><div class=\"wpcf7-response-output\" aria-hidden=\"true\"><\/div>\n<\/form>\n<\/div>\n<\/p>\n<div class=\"contact-info\">\n<h2>\u00c9ditions d&#8217;art Monelle Hayot<\/h2>\n<p>Ch\u00e2teau de Saint-R\u00e9my-en-l\u2019Eau<br \/>\n60130 Saint-R\u00e9my-en-l\u2019Eau<br \/>\nFrance<br \/>\nTel. : + 33 [0] 3 44 78 79 61<br \/>\nFax : + 33 [0] 3 44 78 78 59<br \/>\nE.mail : <a href=\"mailto:contact@editions-monelle-hayot.com\">contact@editions-monelle-hayot.com<\/a><\/p>\n<p>&nbsp;<\/p>\n<p><small>This site collects information sent through this form so that we can answer visitors requests (name, e-mail, subject and message). This data is only used internally and is not communicated or transferred to any other entity. You can obtain the detail, edit or ask for deletion of this data at any time by writing to <a href=\"mailto:contact@editions-monelle-hayot.com\">contact@editions-monelle-hayot.com<\/a>.<\/small>\n<\/div>\n<p><\/p>","protected":false},"excerpt":{"rendered":"<p>\u00c9ditions d&#8217;art Monelle Hayot Ch\u00e2teau de Saint-R\u00e9my-en-l\u2019Eau 60130 Saint-R\u00e9my-en-l\u2019Eau France Tel. : + 33 [0] 3 44 78 79 61 Fax : + 33 [0] 3 44 78 78 59 E.mail : contact@editions-monelle-hayot.com &nbsp; This site collects information sent through this form so that we can answer visitors requests (name, e-mail, subject and message). This [&hellip;]<\/p>\n","protected":false},"author":2,"featured_media":0,"parent":0,"menu_order":0,"comment_status":"closed","ping_status":"open","template":"","meta":{"_acf_changed":false,"footnotes":""},"class_list":["post-39","page","type-page","status-publish","hentry"],"acf":[],"_links":{"self":[{"href":"https:\/\/www.editions-monelle-hayot.com\/en\/wp-json\/wp\/v2\/pages\/39","targetHints":{"allow":["GET"]}}],"collection":[{"href":"https:\/\/www.editions-monelle-hayot.com\/en\/wp-json\/wp\/v2\/pages"}],"about":[{"href":"https:\/\/www.editions-monelle-hayot.com\/en\/wp-json\/wp\/v2\/types\/page"}],"author":[{"embeddable":true,"href":"https:\/\/www.editions-monelle-hayot.com\/en\/wp-json\/wp\/v2\/users\/2"}],"replies":[{"embeddable":true,"href":"https:\/\/www.editions-monelle-hayot.com\/en\/wp-json\/wp\/v2\/comments?post=39"}],"version-history":[{"count":0,"href":"https:\/\/www.editions-monelle-hayot.com\/en\/wp-json\/wp\/v2\/pages\/39\/revisions"}],"wp:attachment":[{"href":"https:\/\/www.editions-monelle-hayot.com\/en\/wp-json\/wp\/v2\/media?parent=39"}],"curies":[{"name":"wp","href":"https:\/\/api.w.org\/{rel}","templated":true}]}}