{"id":3339,"date":"2020-03-11T17:05:21","date_gmt":"2020-03-11T16:05:21","guid":{"rendered":"http:\/\/test.editions-monelle-hayot.com\/livre\/import-placeholder-for-727\/"},"modified":"2020-03-11T17:16:28","modified_gmt":"2020-03-11T16:16:28","slug":"la-bete","status":"publish","type":"product","link":"https:\/\/www.editions-monelle-hayot.com\/en\/livre\/la-bete\/","title":{"rendered":"La B\u00eate"},"content":{"rendered":"<p>This play is a tribute to Moli\u00e8re by a contemporary American author. Through the young character of Elomire we find the sufferings of Moli\u00e8re. The Beast, a filthy creature, reveals the character&#8217;s future struggles in his quest for freedom. Xavier Florent, in his foreword of director, and creator of the play in France summarizes: &#8220;in every imbecile slumbers a beast&#8221;.<\/p>","protected":false},"excerpt":{"rendered":"<p>This play is a tribute to Moli\u00e8re by a contemporary American author. Through the young character of Elomire we find the sufferings of Moli\u00e8re. The Beast, a filthy creature, reveals the character&#8217;s future struggles in his quest for freedom. Xavier Florent, in his foreword of director, and creator of the play in France summarizes: &#8220;in [&hellip;]<\/p>\n","protected":false},"featured_media":728,"template":"","meta":{"_acf_changed":false},"product_brand":[],"product_cat":[33],"product_tag":[],"class_list":{"0":"post-3339","1":"product","2":"type-product","3":"status-publish","4":"has-post-thumbnail","6":"product_cat-textes-sources","8":"first","9":"instock","10":"taxable","11":"shipping-taxable","12":"purchasable","13":"product-type-simple"},"acf":[],"_links":{"self":[{"href":"https:\/\/www.editions-monelle-hayot.com\/en\/wp-json\/wp\/v2\/product\/3339","targetHints":{"allow":["GET"]}}],"collection":[{"href":"https:\/\/www.editions-monelle-hayot.com\/en\/wp-json\/wp\/v2\/product"}],"about":[{"href":"https:\/\/www.editions-monelle-hayot.com\/en\/wp-json\/wp\/v2\/types\/product"}],"wp:featuredmedia":[{"embeddable":true,"href":"https:\/\/www.editions-monelle-hayot.com\/en\/wp-json\/wp\/v2\/media\/728"}],"wp:attachment":[{"href":"https:\/\/www.editions-monelle-hayot.com\/en\/wp-json\/wp\/v2\/media?parent=3339"}],"wp:term":[{"taxonomy":"product_brand","embeddable":true,"href":"https:\/\/www.editions-monelle-hayot.com\/en\/wp-json\/wp\/v2\/product_brand?post=3339"},{"taxonomy":"product_cat","embeddable":true,"href":"https:\/\/www.editions-monelle-hayot.com\/en\/wp-json\/wp\/v2\/product_cat?post=3339"},{"taxonomy":"product_tag","embeddable":true,"href":"https:\/\/www.editions-monelle-hayot.com\/en\/wp-json\/wp\/v2\/product_tag?post=3339"}],"curies":[{"name":"wp","href":"https:\/\/api.w.org\/{rel}","templated":true}]}}