{"id":3367,"date":"2020-03-11T18:54:49","date_gmt":"2020-03-11T17:54:49","guid":{"rendered":"http:\/\/test.editions-monelle-hayot.com\/livre\/import-placeholder-for-1053\/"},"modified":"2026-01-23T11:35:50","modified_gmt":"2026-01-23T10:35:50","slug":"tremois","status":"publish","type":"product","link":"https:\/\/www.editions-monelle-hayot.com\/en\/livre\/tremois\/","title":{"rendered":"Tr\u00e9mois"},"content":{"rendered":"<p>Pierre-Yves Tr\u00e9mois&#8217; catalogue raisonn\u00e9 is above all the compilation of an immense work that marked the twentieth century by the singularity of its writing. It is the testimony of a creation, always stamped with sensitivity, sensuality, questions about life, about Man through his certainties, his doubts, his concerns, his fragilities.<br \/>\nThe book is also there to illustrate the eclecticism of his works, open to all supports and materials: paintings; preparatory drawings; monotypes; polished or patinated bronze sculptures; ceramics; goldsmith, gold, vermeil, pewter, sword, trophy, bracelets; countless medals, stamps, tapestries&#8230;\u00a0And it is thanks to this multi-faceted work that the exceptional dimension of an outstanding artist is revealed, chapter by chapter, without any concession for the currents and the modes.<\/p>","protected":false},"excerpt":{"rendered":"<p>Pierre-Yves Tr\u00e9mois&#8217; catalogue raisonn\u00e9 is above all the compilation of an immense work that marked the twentieth century by the singularity of its writing. It is the testimony of a creation, always stamped with sensitivity, sensuality, questions about life, about Man through his certainties, his doubts, his concerns, his fragilities. The book is also there [&hellip;]<\/p>\n","protected":false},"featured_media":1108,"template":"","meta":{"_acf_changed":false},"product_brand":[],"product_cat":[24],"product_tag":[],"class_list":{"0":"post-3367","1":"product","2":"type-product","3":"status-publish","4":"has-post-thumbnail","6":"product_cat-dessins-peintures","8":"first","9":"instock","10":"taxable","11":"shipping-taxable","12":"purchasable","13":"product-type-simple"},"acf":[],"_links":{"self":[{"href":"https:\/\/www.editions-monelle-hayot.com\/en\/wp-json\/wp\/v2\/product\/3367","targetHints":{"allow":["GET"]}}],"collection":[{"href":"https:\/\/www.editions-monelle-hayot.com\/en\/wp-json\/wp\/v2\/product"}],"about":[{"href":"https:\/\/www.editions-monelle-hayot.com\/en\/wp-json\/wp\/v2\/types\/product"}],"wp:featuredmedia":[{"embeddable":true,"href":"https:\/\/www.editions-monelle-hayot.com\/en\/wp-json\/wp\/v2\/media\/1108"}],"wp:attachment":[{"href":"https:\/\/www.editions-monelle-hayot.com\/en\/wp-json\/wp\/v2\/media?parent=3367"}],"wp:term":[{"taxonomy":"product_brand","embeddable":true,"href":"https:\/\/www.editions-monelle-hayot.com\/en\/wp-json\/wp\/v2\/product_brand?post=3367"},{"taxonomy":"product_cat","embeddable":true,"href":"https:\/\/www.editions-monelle-hayot.com\/en\/wp-json\/wp\/v2\/product_cat?post=3367"},{"taxonomy":"product_tag","embeddable":true,"href":"https:\/\/www.editions-monelle-hayot.com\/en\/wp-json\/wp\/v2\/product_tag?post=3367"}],"curies":[{"name":"wp","href":"https:\/\/api.w.org\/{rel}","templated":true}]}}