{"id":3378,"date":"2020-03-12T17:14:28","date_gmt":"2020-03-12T16:14:28","guid":{"rendered":"http:\/\/test.editions-monelle-hayot.com\/livre\/import-placeholder-for-1501\/"},"modified":"2026-01-23T11:44:59","modified_gmt":"2026-01-23T10:44:59","slug":"malmaison","status":"publish","type":"product","link":"https:\/\/www.editions-monelle-hayot.com\/en\/livre\/malmaison\/","title":{"rendered":"Malmaison"},"content":{"rendered":"<p>This book is a stroll in the Malmaison castle\u2026<\/p>\n<p>The six-years-old little prince who guides us in the castle has really existed. Louis-Napol\u00e9on has known this enchanting place and spent delightful moments there. His feelings, emotions, thoughts \u2013 told by close family who surrounded him during his stays \u2013 are staged and allow young readers to discover a refined art of living and a page of our history.<br \/>\nThe little prince&#8217;s parents are Louis Bonaparte, Emperor Napol\u00e9on I<sup>er<\/sup>&#8216;s young brother, and Hortense de Beauharnais, the daughter that Jos\u00e9phine has had from her first wedding. Jos\u00e9phine was Napol\u00e9on I<sup>er<\/sup>&#8216;s wife and owned Malmaison castle since 1814.<\/p>\n<p>The prince Louis-Napol\u00e9on will become, thirty-eight years after the facts related here, the Emperor Napol\u00e9on\u00a0III.<\/p>","protected":false},"excerpt":{"rendered":"<p>This book is a stroll in the Malmaison castle\u2026 The six-years-old little prince who guides us in the castle has really existed. Louis-Napol\u00e9on has known this enchanting place and spent delightful moments there. His feelings, emotions, thoughts \u2013 told by close family who surrounded him during his stays \u2013 are staged and allow young readers [&hellip;]<\/p>\n","protected":false},"featured_media":1503,"template":"","meta":{"_acf_changed":false},"product_brand":[],"product_cat":[32],"product_tag":[],"class_list":{"0":"post-3378","1":"product","2":"type-product","3":"status-publish","4":"has-post-thumbnail","6":"product_cat-pour-les-enfants","8":"first","9":"instock","10":"taxable","11":"shipping-taxable","12":"purchasable","13":"product-type-simple"},"acf":[],"_links":{"self":[{"href":"https:\/\/www.editions-monelle-hayot.com\/en\/wp-json\/wp\/v2\/product\/3378","targetHints":{"allow":["GET"]}}],"collection":[{"href":"https:\/\/www.editions-monelle-hayot.com\/en\/wp-json\/wp\/v2\/product"}],"about":[{"href":"https:\/\/www.editions-monelle-hayot.com\/en\/wp-json\/wp\/v2\/types\/product"}],"wp:featuredmedia":[{"embeddable":true,"href":"https:\/\/www.editions-monelle-hayot.com\/en\/wp-json\/wp\/v2\/media\/1503"}],"wp:attachment":[{"href":"https:\/\/www.editions-monelle-hayot.com\/en\/wp-json\/wp\/v2\/media?parent=3378"}],"wp:term":[{"taxonomy":"product_brand","embeddable":true,"href":"https:\/\/www.editions-monelle-hayot.com\/en\/wp-json\/wp\/v2\/product_brand?post=3378"},{"taxonomy":"product_cat","embeddable":true,"href":"https:\/\/www.editions-monelle-hayot.com\/en\/wp-json\/wp\/v2\/product_cat?post=3378"},{"taxonomy":"product_tag","embeddable":true,"href":"https:\/\/www.editions-monelle-hayot.com\/en\/wp-json\/wp\/v2\/product_tag?post=3378"}],"curies":[{"name":"wp","href":"https:\/\/api.w.org\/{rel}","templated":true}]}}