{"id":4075,"date":"2021-02-10T15:51:22","date_gmt":"2021-02-10T14:51:22","guid":{"rendered":"https:\/\/www.editions-monelle-hayot.com\/?post_type=product&#038;p=4075"},"modified":"2023-06-04T15:11:52","modified_gmt":"2023-06-04T13:11:52","slug":"vivre-a-lantique","status":"publish","type":"product","link":"https:\/\/www.editions-monelle-hayot.com\/en\/livre\/vivre-a-lantique\/","title":{"rendered":"Vivre \u00e0 l&#8217;antique"},"content":{"rendered":"<p>In the last three decades of the 18<sup>th<\/sup> century, the elites of Europe were enthralled by the constant flow of discoveries issuing forth from the excavations of buried cities, Etruscan tombs and imperial villas in Italy. The distant past suddenly surged into the present, and architecture, furniture, and the accessories of daily life were re-imagined in its image. Nowhere in France could recount this aesthetic and cultural revolution more aptly than Rambouillet, the hunting estate and intimate retreat of the courts of Louis XVI and Napol\u00e9on I. Over the course of three months, the staterooms, intimate apartments and dairy of Rambouillet will once again be filled with artifacts, models and drawings from the Grand Tour and the Italian excavations, paintings by Hubert Robert, 18<sup>th<\/sup>&#8211; and 19<sup>th<\/sup>-century furnishings and decors by Jacob and Percier, and precious ceramics by S\u00e8vres and Wedgwood. Through loans from the ch\u00e2teau of Versailles, the cit\u00e9 de la c\u00e9ramique de S\u00e8vres, the \u00c9cole nationale sup\u00e9rieure des Beaux-Arts and the Biblioth\u00e8que des Arts d\u00e9coratifs and a number of private collections, the exhibition will explore how and why at the threshold of the modern era, distant antiquity so completely captured the imagination of the sovereigns and their courts.<\/p>","protected":false},"excerpt":{"rendered":"<p>In the last three decades of the 18th century, the elites of Europe were enthralled by the constant flow of discoveries issuing forth from the excavations of buried cities, Etruscan tombs and imperial villas in Italy. The distant past suddenly surged into the present, and architecture, furniture, and the accessories of daily life were re-imagined [&hellip;]<\/p>\n","protected":false},"featured_media":4073,"template":"","meta":{"_acf_changed":false},"product_brand":[],"product_cat":[31],"product_tag":[],"class_list":{"0":"post-4075","1":"product","2":"type-product","3":"status-publish","4":"has-post-thumbnail","6":"product_cat-patrimoine","8":"first","9":"instock","10":"taxable","11":"shipping-taxable","12":"purchasable","13":"product-type-simple"},"acf":[],"_links":{"self":[{"href":"https:\/\/www.editions-monelle-hayot.com\/en\/wp-json\/wp\/v2\/product\/4075","targetHints":{"allow":["GET"]}}],"collection":[{"href":"https:\/\/www.editions-monelle-hayot.com\/en\/wp-json\/wp\/v2\/product"}],"about":[{"href":"https:\/\/www.editions-monelle-hayot.com\/en\/wp-json\/wp\/v2\/types\/product"}],"wp:featuredmedia":[{"embeddable":true,"href":"https:\/\/www.editions-monelle-hayot.com\/en\/wp-json\/wp\/v2\/media\/4073"}],"wp:attachment":[{"href":"https:\/\/www.editions-monelle-hayot.com\/en\/wp-json\/wp\/v2\/media?parent=4075"}],"wp:term":[{"taxonomy":"product_brand","embeddable":true,"href":"https:\/\/www.editions-monelle-hayot.com\/en\/wp-json\/wp\/v2\/product_brand?post=4075"},{"taxonomy":"product_cat","embeddable":true,"href":"https:\/\/www.editions-monelle-hayot.com\/en\/wp-json\/wp\/v2\/product_cat?post=4075"},{"taxonomy":"product_tag","embeddable":true,"href":"https:\/\/www.editions-monelle-hayot.com\/en\/wp-json\/wp\/v2\/product_tag?post=4075"}],"curies":[{"name":"wp","href":"https:\/\/api.w.org\/{rel}","templated":true}]}}