{"id":4130,"date":"2021-04-20T10:14:02","date_gmt":"2021-04-20T08:14:02","guid":{"rendered":"https:\/\/www.editions-monelle-hayot.com\/?post_type=product&#038;p=4130"},"modified":"2026-01-23T11:41:23","modified_gmt":"2026-01-23T10:41:23","slug":"the-house-of-leleu","status":"publish","type":"product","link":"https:\/\/www.editions-monelle-hayot.com\/en\/livre\/the-house-of-leleu\/","title":{"rendered":"The house of Leleu"},"content":{"rendered":"<p>Architects and decorators, furniture and textile creators, Leleu family&#8217;s name is synonymous with luxury, high quality French creation, noble materials. Modestly beginning in 1882, the family saga becomes famous and establishes the company in a prestigious hotel, 65 Franklin Roosevelt Street in Paris. Leleu was a star firm in the French decoration environment under the guidance of Jules Leleu from the \u201920s to 1948, then supervised by Andr\u00e9 Leleu, assisted by his children and all his family, from 1948 to the \u201970s. The Leleu style is born with the Art-D\u00e9co and evolves during the years until 1973. Jules Leleu, such as his sons Andr\u00e9 and Jean and his daughter Paule, was first a creator. Countless pieces of furniture and decor elements are born from his skilled and inventive drawings. These talented creators also were technicians who knoew perfectly woods and used precious materials very well: ivory, mother-of-pearl, scale, shagreen, lacquer or marble. Jules Leleu was a painter and sculptor as well and his son Andr\u00e9 a sculptor. The company deployed its activity in every field: interior design, furniture, woodwork, fabrics, carpets, lights, in collaboration with many artists: da Silva Bruhns&#8217; carpets, Gernez&#8217;s and Kaskoff&#8217;s tapestry sketches, Hilaire&#8217;s, Lur\u00e7at&#8217;s and Picart-le-Doux&#8217;s mural tapestries, Brayer&#8217;s, Chapelain-Midy&#8217;s, Despierres&#8217;, Souverbie&#8217;s, Terechkovitch&#8217;s and Vert\u00e8s&#8217; paintings on furniture, Bobot&#8217;s, Dunand&#8217;s and Hamanaka&#8217;s lacquers, Brandt&#8217;s and Subes&#8217; decorative ironwork, Dejean&#8217;s and Revol&#8217;s sculptures. The General Transatlantic Company, the Shipping Delivery Service and the United Loaders Company ask Leleu to decorate many liners: <em>Marseillaise, \u00cele-de-France, Antilles, Cambodge, Libert\u00e9, F\u00e9lix Roussel, Mar\u00e9chal Joffre<\/em> and <em>France<\/em>. Leleu arranges a lot of French and foreign embassies, Elys\u00e9e&#8217;s dining room, President of the Republic&#8217;s train, heads of state&#8217;s residences such as the President Habib Bourguiba&#8217;s in Tunisia and the President Felix Houphou\u00ebt-Boigny&#8217;s in Yamoussoukro.<\/p>","protected":false},"excerpt":{"rendered":"<p>Architects and decorators, furniture and textile creators, Leleu family&#8217;s name is synonymous with luxury, high quality French creation, noble materials. Modestly beginning in 1882, the family saga becomes famous and establishes the company in a prestigious hotel, 65 Franklin Roosevelt Street in Paris. Leleu was a star firm in the French decoration environment under the [&hellip;]<\/p>\n","protected":false},"featured_media":4131,"template":"","meta":{"_acf_changed":false},"product_brand":[],"product_cat":[27,23],"product_tag":[],"class_list":{"0":"post-4130","1":"product","2":"type-product","3":"status-publish","4":"has-post-thumbnail","6":"product_cat-rarefies","7":"product_cat-mobilier","9":"first","10":"outofstock","11":"taxable","12":"shipping-taxable","13":"purchasable","14":"product-type-simple"},"acf":[],"_links":{"self":[{"href":"https:\/\/www.editions-monelle-hayot.com\/en\/wp-json\/wp\/v2\/product\/4130","targetHints":{"allow":["GET"]}}],"collection":[{"href":"https:\/\/www.editions-monelle-hayot.com\/en\/wp-json\/wp\/v2\/product"}],"about":[{"href":"https:\/\/www.editions-monelle-hayot.com\/en\/wp-json\/wp\/v2\/types\/product"}],"wp:featuredmedia":[{"embeddable":true,"href":"https:\/\/www.editions-monelle-hayot.com\/en\/wp-json\/wp\/v2\/media\/4131"}],"wp:attachment":[{"href":"https:\/\/www.editions-monelle-hayot.com\/en\/wp-json\/wp\/v2\/media?parent=4130"}],"wp:term":[{"taxonomy":"product_brand","embeddable":true,"href":"https:\/\/www.editions-monelle-hayot.com\/en\/wp-json\/wp\/v2\/product_brand?post=4130"},{"taxonomy":"product_cat","embeddable":true,"href":"https:\/\/www.editions-monelle-hayot.com\/en\/wp-json\/wp\/v2\/product_cat?post=4130"},{"taxonomy":"product_tag","embeddable":true,"href":"https:\/\/www.editions-monelle-hayot.com\/en\/wp-json\/wp\/v2\/product_tag?post=4130"}],"curies":[{"name":"wp","href":"https:\/\/api.w.org\/{rel}","templated":true}]}}